{"id":4499,"date":"2025-01-08T20:38:58","date_gmt":"2025-01-08T19:38:58","guid":{"rendered":"https:\/\/www.leo.sklep.pl\/suplementy\/?page_id=4499"},"modified":"2025-01-08T20:38:58","modified_gmt":"2025-01-08T19:38:58","slug":"polityka-zwrotow","status":"publish","type":"page","link":"https:\/\/www.leo.sklep.pl\/suplementy\/polityka-zwrotow\/","title":{"rendered":"Polityka Zwrot\u00f3w"},"content":{"rendered":"<p>W Leo Sklep zale\u017cy nam na Twojej satysfakcji z zakup\u00f3w. Doceniamy, \u017ce odwiedzasz nasz\u0105 platform\u0119 i wybierasz produkty dost\u0119pne w naszej ofercie. Prosimy jednak pami\u0119ta\u0107, \u017ce wszystkie zakupy s\u0105 realizowane za po\u015brednictwem zewn\u0119trznych dostawc\u00f3w, a zwroty i reklamacje podlegaj\u0105 zasadom obowi\u0105zuj\u0105cym w ich sklepach.<\/p>\n    \n    <h2>Jak zwr\u00f3ci\u0107 zakupiony produkt?<\/h2>\n    <ol>\n        <li>Skontaktuj si\u0119 bezpo\u015brednio z platform\u0105, na kt\u00f3rej dokonano zakupu. Szczeg\u00f3\u0142owe informacje o procedurze zwrotu znajdziesz na stronie internetowej danego sprzedawcy.<\/li>\n        <li>Zapoznaj si\u0119 z terminem zg\u0142aszania zwrot\u00f3w. Zwykle wynosi on od 14 do 30 dni od momentu zakupu, jednak konkretne warunki mog\u0105 r\u00f3\u017cni\u0107 si\u0119 w zale\u017cno\u015bci od sprzedawcy.<\/li>\n        <li>Post\u0119puj zgodnie z wytycznymi podanymi przez sprzedawc\u0119, aby zwr\u00f3ci\u0107 produkt zgodnie z ich regulaminem.<\/li>\n    <\/ol>\n    \n    <h2>Co dzieje si\u0119 po zg\u0142oszeniu zwrotu?<\/h2>\n    <p>Po przes\u0142aniu zg\u0142oszenia zwrotu i jego akceptacji przez dostawc\u0119, \u015brodki zostan\u0105 zwr\u00f3cone zgodnie z polityk\u0105 wybranego sprzedawcy. Czas realizacji zwrotu mo\u017ce wynosi\u0107 od kilku dni do kilku tygodni, w zale\u017cno\u015bci od zasad danej platformy.<\/p>\n    \n    <h2>Wsparcie i kontakt<\/h2>\n    <p>Je\u015bli masz pytania dotycz\u0105ce procedury zwrotu lub napotka\u0142e\u015b trudno\u015bci, zach\u0119camy do kontaktu z obs\u0142ug\u0105 sklepu, w kt\u00f3rym dokonano zakupu. Mo\u017cesz r\u00f3wnie\u017c skontaktowa\u0107 si\u0119 z nami pod adresem e-mail: <a href=\"mailto:kontakt@leo.sklep.pl\">kontakt@leo.sklep.pl<\/a>, aby uzyska\u0107 dodatkowe informacje na temat ofert dost\u0119pnych na naszej stronie.<\/p>\n    \n    <p>Dzi\u0119kujemy za skorzystanie z naszej platformy. \u017byczymy udanych zakup\u00f3w i pe\u0142nej satysfakcji z wybranych produkt\u00f3w!<\/p>\n<\/body>","protected":false},"excerpt":{"rendered":"<p>W Leo Sklep zale\u017cy nam na Twojej satysfakcji z zakup\u00f3w. Doceniamy, \u017ce odwiedzasz nasz\u0105 platform\u0119 i wybierasz produkty dost\u0119pne w naszej ofercie. &#8230; <a title=\"Polityka Zwrot\u00f3w\" class=\"read-more\" href=\"https:\/\/www.leo.sklep.pl\/suplementy\/polityka-zwrotow\/\" aria-label=\"Read more about Polityka Zwrot\u00f3w\">Czytaj dalej<\/a><\/p>\n","protected":false},"author":1,"featured_media":0,"parent":0,"menu_order":0,"comment_status":"closed","ping_status":"closed","template":"","meta":{"footnotes":""},"class_list":["post-4499","page","type-page","status-publish"],"yoast_head":"<!-- This site is optimized with the Yoast SEO plugin v24.2 - https:\/\/yoast.com\/wordpress\/plugins\/seo\/ -->\n<title>Polityka Zwrot\u00f3w - Leo.sklep.pl - Suplementy Diety<\/title>\n<meta name=\"robots\" content=\"index, follow, max-snippet:-1, max-image-preview:large, max-video-preview:-1\" \/>\n<link rel=\"canonical\" href=\"https:\/\/www.leo.sklep.pl\/suplementy\/polityka-zwrotow\/\" \/>\n<meta property=\"og:locale\" content=\"pl_PL\" \/>\n<meta property=\"og:type\" content=\"article\" \/>\n<meta property=\"og:title\" content=\"Polityka Zwrot\u00f3w - Leo.sklep.pl - Suplementy Diety\" \/>\n<meta property=\"og:description\" content=\"W Leo Sklep zale\u017cy nam na Twojej satysfakcji z zakup\u00f3w. Doceniamy, \u017ce odwiedzasz nasz\u0105 platform\u0119 i wybierasz produkty dost\u0119pne w naszej ofercie. ... Czytaj dalej\" \/>\n<meta property=\"og:url\" content=\"https:\/\/www.leo.sklep.pl\/suplementy\/polityka-zwrotow\/\" \/>\n<meta property=\"og:site_name\" content=\"Leo.sklep.pl - Suplementy Diety\" \/>\n<meta name=\"twitter:card\" content=\"summary_large_image\" \/>\n<meta name=\"twitter:label1\" content=\"Szacowany czas czytania\" \/>\n\t<meta name=\"twitter:data1\" content=\"2 minuty\" \/>\n<script type=\"application\/ld+json\" class=\"yoast-schema-graph\">{\"@context\":\"https:\/\/schema.org\",\"@graph\":[{\"@type\":\"WebPage\",\"@id\":\"https:\/\/www.leo.sklep.pl\/suplementy\/polityka-zwrotow\/\",\"url\":\"https:\/\/www.leo.sklep.pl\/suplementy\/polityka-zwrotow\/\",\"name\":\"Polityka Zwrot\u00f3w - Leo.sklep.pl - Suplementy Diety\",\"isPartOf\":{\"@id\":\"http:\/\/leo.sklep.pl\/suplementy\/#website\"},\"datePublished\":\"2025-01-08T19:38:58+00:00\",\"dateModified\":\"2025-01-08T19:38:58+00:00\",\"breadcrumb\":{\"@id\":\"https:\/\/www.leo.sklep.pl\/suplementy\/polityka-zwrotow\/#breadcrumb\"},\"inLanguage\":\"pl-PL\",\"potentialAction\":[{\"@type\":\"ReadAction\",\"target\":[\"https:\/\/www.leo.sklep.pl\/suplementy\/polityka-zwrotow\/\"]}]},{\"@type\":\"BreadcrumbList\",\"@id\":\"https:\/\/www.leo.sklep.pl\/suplementy\/polityka-zwrotow\/#breadcrumb\",\"itemListElement\":[{\"@type\":\"ListItem\",\"position\":1,\"name\":\"Strona g\u0142\u00f3wna\",\"item\":\"http:\/\/leo.sklep.pl\/suplementy\/\"},{\"@type\":\"ListItem\",\"position\":2,\"name\":\"Polityka Zwrot\u00f3w\"}]},{\"@type\":\"WebSite\",\"@id\":\"http:\/\/leo.sklep.pl\/suplementy\/#website\",\"url\":\"http:\/\/leo.sklep.pl\/suplementy\/\",\"name\":\"Leo.sklep.pl - Suplementy Diety\",\"description\":\"Suplementy Diety Dla Ciebie i Dla Rodziny\",\"potentialAction\":[{\"@type\":\"SearchAction\",\"target\":{\"@type\":\"EntryPoint\",\"urlTemplate\":\"http:\/\/leo.sklep.pl\/suplementy\/?s={search_term_string}\"},\"query-input\":{\"@type\":\"PropertyValueSpecification\",\"valueRequired\":true,\"valueName\":\"search_term_string\"}}],\"inLanguage\":\"pl-PL\"}]}<\/script>\n<!-- \/ Yoast SEO plugin. -->","yoast_head_json":{"title":"Polityka Zwrot\u00f3w - Leo.sklep.pl - Suplementy Diety","robots":{"index":"index","follow":"follow","max-snippet":"max-snippet:-1","max-image-preview":"max-image-preview:large","max-video-preview":"max-video-preview:-1"},"canonical":"https:\/\/www.leo.sklep.pl\/suplementy\/polityka-zwrotow\/","og_locale":"pl_PL","og_type":"article","og_title":"Polityka Zwrot\u00f3w - Leo.sklep.pl - Suplementy Diety","og_description":"W Leo Sklep zale\u017cy nam na Twojej satysfakcji z zakup\u00f3w. Doceniamy, \u017ce odwiedzasz nasz\u0105 platform\u0119 i wybierasz produkty dost\u0119pne w naszej ofercie. ... Czytaj dalej","og_url":"https:\/\/www.leo.sklep.pl\/suplementy\/polityka-zwrotow\/","og_site_name":"Leo.sklep.pl - Suplementy Diety","twitter_card":"summary_large_image","twitter_misc":{"Szacowany czas czytania":"2 minuty"},"schema":{"@context":"https:\/\/schema.org","@graph":[{"@type":"WebPage","@id":"https:\/\/www.leo.sklep.pl\/suplementy\/polityka-zwrotow\/","url":"https:\/\/www.leo.sklep.pl\/suplementy\/polityka-zwrotow\/","name":"Polityka Zwrot\u00f3w - Leo.sklep.pl - Suplementy Diety","isPartOf":{"@id":"http:\/\/leo.sklep.pl\/suplementy\/#website"},"datePublished":"2025-01-08T19:38:58+00:00","dateModified":"2025-01-08T19:38:58+00:00","breadcrumb":{"@id":"https:\/\/www.leo.sklep.pl\/suplementy\/polityka-zwrotow\/#breadcrumb"},"inLanguage":"pl-PL","potentialAction":[{"@type":"ReadAction","target":["https:\/\/www.leo.sklep.pl\/suplementy\/polityka-zwrotow\/"]}]},{"@type":"BreadcrumbList","@id":"https:\/\/www.leo.sklep.pl\/suplementy\/polityka-zwrotow\/#breadcrumb","itemListElement":[{"@type":"ListItem","position":1,"name":"Strona g\u0142\u00f3wna","item":"http:\/\/leo.sklep.pl\/suplementy\/"},{"@type":"ListItem","position":2,"name":"Polityka Zwrot\u00f3w"}]},{"@type":"WebSite","@id":"http:\/\/leo.sklep.pl\/suplementy\/#website","url":"http:\/\/leo.sklep.pl\/suplementy\/","name":"Leo.sklep.pl - Suplementy Diety","description":"Suplementy Diety Dla Ciebie i Dla Rodziny","potentialAction":[{"@type":"SearchAction","target":{"@type":"EntryPoint","urlTemplate":"http:\/\/leo.sklep.pl\/suplementy\/?s={search_term_string}"},"query-input":{"@type":"PropertyValueSpecification","valueRequired":true,"valueName":"search_term_string"}}],"inLanguage":"pl-PL"}]}},"_links":{"self":[{"href":"https:\/\/www.leo.sklep.pl\/suplementy\/wp-json\/wp\/v2\/pages\/4499","targetHints":{"allow":["GET"]}}],"collection":[{"href":"https:\/\/www.leo.sklep.pl\/suplementy\/wp-json\/wp\/v2\/pages"}],"about":[{"href":"https:\/\/www.leo.sklep.pl\/suplementy\/wp-json\/wp\/v2\/types\/page"}],"author":[{"embeddable":true,"href":"https:\/\/www.leo.sklep.pl\/suplementy\/wp-json\/wp\/v2\/users\/1"}],"replies":[{"embeddable":true,"href":"https:\/\/www.leo.sklep.pl\/suplementy\/wp-json\/wp\/v2\/comments?post=4499"}],"version-history":[{"count":1,"href":"https:\/\/www.leo.sklep.pl\/suplementy\/wp-json\/wp\/v2\/pages\/4499\/revisions"}],"predecessor-version":[{"id":4500,"href":"https:\/\/www.leo.sklep.pl\/suplementy\/wp-json\/wp\/v2\/pages\/4499\/revisions\/4500"}],"wp:attachment":[{"href":"https:\/\/www.leo.sklep.pl\/suplementy\/wp-json\/wp\/v2\/media?parent=4499"}],"curies":[{"name":"wp","href":"https:\/\/api.w.org\/{rel}","templated":true}]}}